{"id":491,"date":"2022-04-06T13:08:23","date_gmt":"2022-04-06T11:08:23","guid":{"rendered":"https:\/\/caserfri.com\/politica-de-cookies\/"},"modified":"2022-09-20T18:31:22","modified_gmt":"2022-09-20T16:31:22","slug":"politica-de-cookies","status":"publish","type":"page","link":"https:\/\/caserfri.com\/en\/politica-de-cookies\/","title":{"rendered":"POL\u00cdTICA DE COOKIES"},"content":{"rendered":"\r\n<p>Nuestros sitios web utilizan una tecnolog\u00eda denominada \u201ccookies\u201d, para conocer el uso que hagas de los mismos mientras navegas.<\/p>\r\n<p>Concretamente vamos a utilizar las cookies con la finalidad de facilitar tu navegaci\u00f3n a trav\u00e9s de nuestros sitios web, distinguirte de otros usuarios, proporcionarte una mejor experiencia en el uso, e identificar posibles problemas que nos permitan su mejora.<\/p>\r\n<p>En esta Pol\u00edtica queremos informarte de manera clara y precisa sobre las cookies que se utilizan en nuestros sitios web. Si quieres m\u00e1s informaci\u00f3n al respecto puedes enviarnos tu consulta a la siguiente direcci\u00f3n de correo electr\u00f3nico:\u00a0<a href=\"mailto:info@caserfri.com\">info@caserfri.com<\/a><\/p>\r\n<p><strong>\u00bfQu\u00e9 son las cookies?<\/strong><\/p>\r\n<p>Una cookie es un peque\u00f1o fragmento de texto que los sitios web que visitas env\u00edan al navegador que est\u00e1s utilizando y que permite que el sitio web recuerde informaci\u00f3n sobre tu visita, preferencias de idioma y otras opciones que permiten facilitar el acceso y navegaci\u00f3n del sitio web en tu pr\u00f3xima visita haciendo que te resulte m\u00e1s \u00fatil.<\/p>\r\n<p><strong>\u00bfPor qu\u00e9 son importantes?<\/strong><\/p>\r\n<p>Las cookies nos permiten mejorar la usabilidad de nuestros sitio webs y ofrecerte mejores servicios y una navegaci\u00f3n m\u00e1s \u00e1gil, r\u00e1pida y segura. Las cookies nos ayudan, por ejemplo, a:<\/p>\r\n<ul>\r\n<li>Habilitar ciertas funciones.<\/li>\r\n<li>Proporcionar una experiencia de navegaci\u00f3n m\u00e1s personalizada.<\/li>\r\n<li>Proteger la seguridad de tu cuenta.<\/li>\r\n<li>Investigar, mejorar y comprender el uso que reciben nuestros productos y servicios.<\/li>\r\n<\/ul>\r\n<p>Las cookies que utilizamos tambi\u00e9n tienen una finalidad estad\u00edstica y publicitaria.<\/p>\r\n<h3>\u00a0<\/h3>\r\n<h3>\u00bfQu\u00e9 tipos de Cookies utiliza www.caserfri.com?<\/h3>\r\n<p><b>Cookies de an\u00e1lisis estad\u00edstico:<\/b><\/p>\r\n<p>Son aqu\u00e9llas que nos permiten cuantificar el n\u00famero de visitantes y analizar estad\u00edsticamente la utilizaci\u00f3n que haces como usuario de nuestros Servicios Online. Gracias a ello podemos estudiar la navegaci\u00f3n por el sitio web, y mejorar as\u00ed la oferta de productos o servicios que te ofrecemos.<\/p>\r\n<p>Estas cookies son proporcionadas por Google Analytics. Para m\u00e1s informaci\u00f3n debes ir al sitio web de\u00a0<a href=\"https:\/\/developers.google.com\/analytics\/devguides\/collection\/analyticsjs\/cookie-usage\" target=\"_blank\" rel=\"noopener noreferrer\">Google Analytics<\/a>.<\/p>\r\n<p><b>Cookies publicitarias:<\/b><\/p>\r\n<p>Son aqu\u00e9llas que nos permiten gestionar eficazmente los espacios publicitarios de nuestros sitios web, adecuando el contenido del anuncio al servicio solicitado as\u00ed como al uso que realices del sitio web. Gracias a ellas podemos conocer tus h\u00e1bitos de navegaci\u00f3n en Internet y mostrarte publicidad relacionada con tu perfil de navegaci\u00f3n.<\/p>\r\n<p><b>Cookies de car\u00e1cter t\u00e9cnico y de personalizaci\u00f3n:<\/b><\/p>\r\n<p>Son aqu\u00e9llas que nos permiten controlar aspectos relacionados con tu sesi\u00f3n de usuario, de tal forma que podemos mejorar la experiencia de navegaci\u00f3n dentro del sitio web, facilit\u00e1ndote la misma. Por ejemplo:<\/p>\r\n<ul>\r\n<li>Nos permiten reconocer el idioma del usuario.<\/li>\r\n<li>Impiden o dificultan ataques contra el sitio web o sus usuarios.<\/li>\r\n<li>Nos ayudan a proporcionar la correcta reproducci\u00f3n de los contenidos multimedia.<\/li>\r\n<li>Mejoran el rendimiento, permitiendo distribuir el tr\u00e1fico web de nuestras m\u00e1quinas entre varios servidores.<\/li>\r\n<\/ul>\r\n<h4>\u00a0<\/h4>\r\n<h4><strong>Cookies activas en www.caserfri.com<\/strong><\/h4>\r\n<p><strong>Cookies t\u00e9cnicas necesarias<\/strong><\/p>\r\n<p>Las cookies t\u00e9cnicas necesarias tienen que activarse siempre para que podamos guardar tus preferencias de ajustes de cookies. B\u00e1sicamente, esta web no funcionar\u00e1 bien si no est\u00e1n activas.<\/p>\r\n<figure class=\"wp-block-table tabla-cookies\">\r\n<table>\r\n<thead>\r\n<tr>\r\n<th scope=\"col\">Nombre<\/th>\r\n<th scope=\"col\">Proveedor<\/th>\r\n<th scope=\"col\">Prop\u00f3sito<\/th>\r\n<th scope=\"col\">Caducidad<\/th>\r\n<th scope=\"col\">Tipo<\/th>\r\n<\/tr>\r\n<\/thead>\r\n<tbody>\r\n<tr>\r\n<td>moove_gdpr_popup<\/td>\r\n<td>Propia<\/td>\r\n<td>Almacena el estado de consentimiento de cookies del usuario para el dominio actual<\/td>\r\n<td>1 a\u00f1o<\/td>\r\n<td>HTTP Cookie<\/td>\r\n<\/tr>\r\n<\/tbody>\r\n<\/table>\r\n<\/figure>\r\n<p><strong>Cookies de terceros<\/strong><\/p>\r\n<p>La web\u00a0<strong>www.caserfri.com <\/strong>utiliza las siguientes cookies:<\/p>\r\n<figure class=\"wp-block-table tabla-cookies\">\r\n<table>\r\n<thead>\r\n<tr>\r\n<th scope=\"col\">Nombre<\/th>\r\n<th scope=\"col\">Proveedor<\/th>\r\n<th scope=\"col\">Prop\u00f3sito<\/th>\r\n<th scope=\"col\">Caducidad<\/th>\r\n<th scope=\"col\">Tipo<\/th>\r\n<\/tr>\r\n<\/thead>\r\n<tbody>\r\n<tr>\r\n<td>_ga<\/td>\r\n<td>www.caserfri.com<\/td>\r\n<td>Registra una identificaci\u00f3n \u00fanica que se utiliza para generar datos estad\u00edsticos acerca de c\u00f3mo utiliza el visitante el sitio web.<\/td>\r\n<td>2 a\u00f1os<\/td>\r\n<td>HTTP Cookie<\/td>\r\n<\/tr>\r\n<tr>\r\n<td>_gat<\/td>\r\n<td>www.caserfri.com<\/td>\r\n<td>Utilizado por Google Analytics para controlar la tasa de peticiones<\/td>\r\n<td>1 d\u00eda<\/td>\r\n<td>HTTP Cookie<\/td>\r\n<\/tr>\r\n<tr>\r\n<td>_gid<\/td>\r\n<td>www.caserfri.com<\/td>\r\n<td>Registra una identificaci\u00f3n \u00fanica que se utiliza para generar datos estad\u00edsticos acerca de c\u00f3mo utiliza el visitante el sitio web.<\/td>\r\n<td>1 d\u00eda<\/td>\r\n<td>HTTP Cookie<\/td>\r\n<\/tr>\r\n<\/tbody>\r\n<\/table>\r\n<\/figure>\r\n<p><strong>\u00bfC\u00f3mo puedo configurar o eliminar mis cookies?<\/strong><\/p>\r\n<p>Comprueba la configuraci\u00f3n actual de tu navegador, para que puedas permitir, bloquear o eliminar las cookies instaladas en tu equipo mediante la configuraci\u00f3n de las opciones de tu navegador de Internet. En este caso debes tener en cuenta que, si bien no necesitas tener cookies activadas para usar o navegar por nuestra web, si desactivas las cookies no podr\u00e1s acceder a todas las funcionalidades que te ofrecemos. El bot\u00f3n de \u00abayuda\u00bb de tu explorador te facilitar\u00e1 informaci\u00f3n adicional sobre c\u00f3mo configurar tu navegador.<\/p>\r\n<p>Si rechazas la instalaci\u00f3n de cookies podr\u00e1s seguir usando el sitio web, aunque el uso de algunos de sus servicios podr\u00e1 ser limitado y la usabilidad de la navegaci\u00f3n podr\u00eda verse disminuida.<\/p>\r\n<p>Si quisieras retirar en cualquier momento tu consentimiento relacionado con la presente Pol\u00edtica de Cookies, deber\u00e1s eliminar las cookies almacenadas en tu dispositivo a trav\u00e9s de los ajustes y configuraciones de tu navegador de Internet.<\/p>\r\n<p><strong>\u00bfQui\u00e9n utiliza las cookies de\u00a0<\/strong><strong>www.caserfri.com<\/strong><strong>?<\/strong><\/p>\r\n<p>Tras haberte informado del tipo de cookies que utilizamos, recuerda que entre ellas hacemos uso de cookies estad\u00edsticas y publicitarias de terceros, a continuaci\u00f3n se muestra el listado de empresas (Terceros), que hacen uso de las cookies:<\/p>\r\n<ul>\r\n<li><b>Google Analytics<\/b>, estas cookies permite cuantificar el n\u00famero de visitantes y analizar estad\u00edsticamente la utilizaci\u00f3n que hacen los usuarios de nuestros Servicios Online.<\/li>\r\n<\/ul>\r\n<p><strong>\u00bfC\u00f3mo nos facilitas tu Consentimiento?<\/strong><\/p>\r\n<p>Al navegar y continuar en el sitio web sin deshabilitarlas en tu navegador de Internet, estar\u00e1s consintiendo el uso de las cookies antes enunciadas, en las condiciones contenidas en esta Pol\u00edtica de Cookies.<\/p>\r\n<p><strong>\u00bfC\u00f3mo puedo revocar mi consentimiento al uso de cookies?<\/strong><\/p>\r\n<p>Puedes revocar tu consentimiento para el uso de cookies en tu navegador a trav\u00e9s de las opciones de configuraci\u00f3n. Recuerda que te hemos proporcionado informaci\u00f3n adicional de c\u00f3mo deshabilitar o eliminar las cookies.<\/p>\r\n","protected":false},"excerpt":{"rendered":"<p>Nuestros sitios web utilizan una tecnolog\u00eda denominada \u201ccookies\u201d, para conocer el uso que hagas de los mismos mientras navegas. Concretamente vamos a utilizar las cookies con la finalidad de facilitar tu navegaci\u00f3n a trav\u00e9s de nuestros sitios web, distinguirte de otros usuarios, proporcionarte una mejor experiencia en el uso, e identificar posibles problemas que nos&hellip;<\/p>\n","protected":false},"author":1,"featured_media":0,"parent":0,"menu_order":0,"comment_status":"closed","ping_status":"closed","template":"","meta":[],"_links":{"self":[{"href":"https:\/\/caserfri.com\/en\/wp-json\/wp\/v2\/pages\/491"}],"collection":[{"href":"https:\/\/caserfri.com\/en\/wp-json\/wp\/v2\/pages"}],"about":[{"href":"https:\/\/caserfri.com\/en\/wp-json\/wp\/v2\/types\/page"}],"author":[{"embeddable":true,"href":"https:\/\/caserfri.com\/en\/wp-json\/wp\/v2\/users\/1"}],"replies":[{"embeddable":true,"href":"https:\/\/caserfri.com\/en\/wp-json\/wp\/v2\/comments?post=491"}],"version-history":[{"count":3,"href":"https:\/\/caserfri.com\/en\/wp-json\/wp\/v2\/pages\/491\/revisions"}],"predecessor-version":[{"id":601,"href":"https:\/\/caserfri.com\/en\/wp-json\/wp\/v2\/pages\/491\/revisions\/601"}],"wp:attachment":[{"href":"https:\/\/caserfri.com\/en\/wp-json\/wp\/v2\/media?parent=491"}],"curies":[{"name":"wp","href":"https:\/\/api.w.org\/{rel}","templated":true}]}}