{"id":499,"date":"2022-04-06T00:05:07","date_gmt":"2022-04-05T22:05:07","guid":{"rendered":"https:\/\/caserfri.com\/politica-de-calidad\/"},"modified":"2022-09-20T18:31:10","modified_gmt":"2022-09-20T16:31:10","slug":"politica-de-calidad","status":"publish","type":"page","link":"https:\/\/caserfri.com\/pt-pt\/politica-de-calidad\/","title":{"rendered":"POL\u00cdTICA DE CALIDAD"},"content":{"rendered":"\r\n<p><strong>CASERFRI, <\/strong>S.L. tiene como visi\u00f3n ser referente en almacenaje de productos congelados, por capacidad, ubicaciones y calidad de servicio. Somos l\u00edderes en capacidad de almacenaje de productos congelados, con cinco plataformas log\u00edsticas, ubicadas en el corredor geoestrat\u00e9gico de plataformas centrales, la mayor red de plataformas propias, con una<\/p>\r\n<p>capacidad de almacenaje total de 610.000 m3<\/p>\r\n<p>para 131.000 palets, almacenaje aduanero,<\/p>\r\n<p>m\u00ednima fluctuaci\u00f3n t\u00e9rmica y un dise\u00f1o de operativas a la medida del cliente.<\/p>\r\n<p>La Direcci\u00f3n de <strong>CASERFRI, <\/strong>S.L. apuesta por el desarrollo e implantaci\u00f3n de un sistema de gesti\u00f3n de la calidad seg\u00fan ISO 9001:2015, adecuado a la naturaleza de sus actividades. Esta filosof\u00eda debe asumirse en cada unos de los departamentos de la empresa, mediante el fiel cumplimiento de los siguientes principio<\/p>\r\n<p>&nbsp;<\/p>\r\n<ul>\r\n<li>An\u00e1lisis de nuestro contexto y los requisitos de las partes interesadas, para determinar los riesgos y oportunidades.<\/li>\r\n<li>Plena satisfacci\u00f3n de nuestros clientes, ofreciendo unos servicios que satisfagan<\/li>\r\n<li>sus expectativas. Por ello, enfocamos nuestras acciones a identificar, evaluar y definir los requisitos del cliente, sus necesidades y expectativas, con el fin de satisfacerlas.<\/li>\r\n<li>Cumplimiento de todas las especificaciones, normas, requisitos legales y otros<\/li>\r\n<li>establecidos.<\/li>\r\n<li>Adopci\u00f3n de m\u00e9todos de trabajo y mejoras, fomentando en todo momento la responsabilidad y la sensibilidad con respecto a la mejora continua, estableciendo indicadores, as\u00ed como el planteamiento de objetivos de calidad y mejora en las funciones y niveles pertinentes.<\/li>\r\n<li>Fomento de la comunicaci\u00f3n entre nuestros trabajadores como instrumento y v\u00eda de salida de todo el potencial humano.<\/li>\r\n<li>Mantenimiento de una buena relaci\u00f3n con nuestros proveedores, como colaboradores de importancia para nuestra empresa.<\/li>\r\n<li>Obtener la m\u00e1xima rentabilidad por la actividad del negocio, optimizando el uso de los recursos asociados.<\/li>\r\n<\/ul>\r\n<p>&nbsp;<\/p>\r\n<p>La Direcci\u00f3n se compromete a divulgar, hacer entender y aplicar nuestra pol\u00edtica a todos los niveles de la organizaci\u00f3n y a todas las partes interesadas pertinentes.<\/p>\r\n<p>La Direcci\u00f3n asume la responsabilidad de dotar de los recursos necesarios para llevar a cabo las actividades y principios citados y espera que todo el personal, cualquiera que sea su funci\u00f3n y puesto de trabajo, comparta este compromiso con la calidad, cumpliendo rigurosamente con las directrices marcadas en todo el Sistema de Gesti\u00f3n de la Calidad.<\/p>\r\n<p style=\"text-align: right;\"><em><strong>La direcci\u00f3n de CASERFRI S.L.<\/strong><\/em><\/p>\r\n","protected":false},"excerpt":{"rendered":"<p>CASERFRI, S.L. tiene como visi\u00f3n ser referente en almacenaje de productos congelados, por capacidad, ubicaciones y calidad de servicio. Somos l\u00edderes en capacidad de almacenaje de productos congelados, con cinco plataformas log\u00edsticas, ubicadas en el corredor geoestrat\u00e9gico de plataformas centrales, la mayor red de plataformas propias, con una capacidad de almacenaje total de 610.000 m3&hellip;<\/p>\n","protected":false},"author":1,"featured_media":0,"parent":0,"menu_order":0,"comment_status":"closed","ping_status":"closed","template":"","meta":[],"_links":{"self":[{"href":"https:\/\/caserfri.com\/pt-pt\/wp-json\/wp\/v2\/pages\/499"}],"collection":[{"href":"https:\/\/caserfri.com\/pt-pt\/wp-json\/wp\/v2\/pages"}],"about":[{"href":"https:\/\/caserfri.com\/pt-pt\/wp-json\/wp\/v2\/types\/page"}],"author":[{"embeddable":true,"href":"https:\/\/caserfri.com\/pt-pt\/wp-json\/wp\/v2\/users\/1"}],"replies":[{"embeddable":true,"href":"https:\/\/caserfri.com\/pt-pt\/wp-json\/wp\/v2\/comments?post=499"}],"version-history":[{"count":1,"href":"https:\/\/caserfri.com\/pt-pt\/wp-json\/wp\/v2\/pages\/499\/revisions"}],"predecessor-version":[{"id":500,"href":"https:\/\/caserfri.com\/pt-pt\/wp-json\/wp\/v2\/pages\/499\/revisions\/500"}],"wp:attachment":[{"href":"https:\/\/caserfri.com\/pt-pt\/wp-json\/wp\/v2\/media?parent=499"}],"curies":[{"name":"wp","href":"https:\/\/api.w.org\/{rel}","templated":true}]}}