{"id":507,"date":"2022-04-06T00:07:30","date_gmt":"2022-04-05T22:07:30","guid":{"rendered":"https:\/\/caserfri.com\/prevencion-de-riesgos-laborales\/"},"modified":"2022-09-20T18:30:06","modified_gmt":"2022-09-20T16:30:06","slug":"prevencion-de-riesgos-laborales","status":"publish","type":"page","link":"https:\/\/caserfri.com\/pt-pt\/prevencion-de-riesgos-laborales\/","title":{"rendered":"PREVENCI\u00d3N DE RIESGOS LABORALES"},"content":{"rendered":"\r\n<p>CASERFRI, S.L. define su \u00abPol\u00edtica de Prevenci\u00f3n de Riesgos Laborales\u00bb partiendo del principio fundamental de proteger la vida, la integridad y salud de todos los trabajadores, tanto propios como de empresas colaboradoras.<\/p>\r\n<p>Con el objeto de alcanzar los niveles m\u00e1s altos de Seguridad y Salud la Direcci\u00f3n de CASERFRI, S.L. declara los siguientes principios b\u00e1sicos de nuestra pol\u00edtica acorde con la Ley de Prevenci\u00f3n de Riesgos Laborales (Ley 31\/1995, de 8 de noviembre) (LPRL) y el Reglamento de los Servicios de Prevenci\u00f3n (R.O. 39\/1997, de 17 de enero) (RSP):<\/p>\r\n<ul>\r\n<li>CASERFRI, L., est\u00e1 al servicio de nuestros clientes, comprometidos con la sociedad, el medio ambiente y la salud de nuestros trabajadores, respetando el marco legal y normativo establecido para cada caso.<\/li>\r\n<li>Asumimos la necesidad de una mejora continua en la calidad de nuestros servicios, de nuestros procesos y de nuestras condiciones de Ello lo logramos con el trabajo bien hecho a la primera y asegurando que ninguna tarea sea realizada sin las debidas medidas de seguridad.<\/li>\r\n<li>Los accidentes de trabajo o cualquier lesi\u00f3n generada en el mismo son fundamentalmente fallos de gesti\u00f3n y por tanto son evitables mediante una gesti\u00f3n adecuada que pem\u00fata adoptar las medidas para Ja identificaci\u00f3n , evaluaci\u00f3n y control de los posibles<\/li>\r\n<li>Las personas constituyen el valor m\u00e1s importante que garantiza nuestro Por ello deben estar cualificadas e identificadas con los objetivos de nuestra organizaci\u00f3n y sus opiniones han de ser consideradas.<\/li>\r\n<li>Todas las actividades las realizamos sin comprometer los aspectos de Seguridad y Salud por<\/li>\r\n<\/ul>\r\n<p>consideraciones econ\u00f3micas o de productividad.<\/p>\r\n<p>Para Llevar a cabo estos principios, CASERFRI, S.L. asume los siguientes compromisos:<\/p>\r\n<ul>\r\n<li>Todo el personal con responsabilidad debe asegurar unas correctas condiciones de los trabajadores a su<\/li>\r\n<\/ul>\r\n<p>cargo. Para ello, muestra inter\u00e9s y da ejemplo como parte de su funci\u00f3n.<\/p>\r\n<ul>\r\n<li>La empresa promueve y establece los medios necesarios para que la comunicaci\u00f3n de deficiencias y\/o sugerencias de mejora sean analizadas y, de ser posible, El esp\u00edritu de innovaci\u00f3n y de mejora continua es fundamental para el futuro de CASERFRI, S.L.<\/li>\r\n<li>Establecemos cauces de intercambio de informaci\u00f3n y de cooperaci\u00f3n entre nuestro personal y tambi\u00e9n con nuestros clientes y proveedores para mejorar continuamente el modo de seleccionar nuestros suministros, de realizar nuestro trabajo y de prestar nuestros<\/li>\r\n<li>Informamos y formamos a los trabajadores sobre los riesgos inherentes a su trabajo, as\u00ed como de los medios y las medidas a adoptar para su prevenci\u00f3n, entregando Ja Evaluaci\u00f3n de Riesgos de su puesto de Para ello, disponemos de los procedimientos necesarios para el desarrollo de las diferentes actividades preventivas. Igualmente, CASERFRI, S.L. pone a disposici\u00f3n de sus trabajadores los medios necesarios para la vigilancia peri\u00f3dica de su estado de salud.<\/li>\r\n<li>Analizarnos todos los accidentes con potencial de dafio e iniciamos su correcci\u00f3n de<\/li>\r\n<\/ul>\r\n<p>CASERFRI, S.L. asume Jo expuesto anteriormente como garant\u00eda de pervivencia y crecimiento de la empresa. Trabajar con seguridad es condici\u00f3n de empleo, consider\u00e1ndose como grave cualquier incumplimi ento de normativa externa o interna que pueda generar dafios a la salud.<\/p>\r\n<p>La difusi\u00f3n de este documento en la empresa pretende que alcance a todos y cada uno de los empleados , desde los responsables hasta los trabajadores de reciente incorporaci\u00f3n y contribuya con su responsable actuaci\u00f3n a lograr con \u00e9xito los objetivos de Seguridad y Salud deseados por CASERFRI, S.L.<\/p>\r\n<p>&nbsp;<\/p>\r\n<p style=\"text-align: right;\"><strong><em>La direcci\u00f3n de CASERFRI , S.L.<\/em><\/strong><\/p>\r\n","protected":false},"excerpt":{"rendered":"<p>CASERFRI, S.L. define su \u00abPol\u00edtica de Prevenci\u00f3n de Riesgos Laborales\u00bb partiendo del principio fundamental de proteger la vida, la integridad y salud de todos los trabajadores, tanto propios como de empresas colaboradoras. Con el objeto de alcanzar los niveles m\u00e1s altos de Seguridad y Salud la Direcci\u00f3n de CASERFRI, S.L. declara los siguientes principios b\u00e1sicos&hellip;<\/p>\n","protected":false},"author":1,"featured_media":0,"parent":0,"menu_order":0,"comment_status":"closed","ping_status":"closed","template":"","meta":[],"_links":{"self":[{"href":"https:\/\/caserfri.com\/pt-pt\/wp-json\/wp\/v2\/pages\/507"}],"collection":[{"href":"https:\/\/caserfri.com\/pt-pt\/wp-json\/wp\/v2\/pages"}],"about":[{"href":"https:\/\/caserfri.com\/pt-pt\/wp-json\/wp\/v2\/types\/page"}],"author":[{"embeddable":true,"href":"https:\/\/caserfri.com\/pt-pt\/wp-json\/wp\/v2\/users\/1"}],"replies":[{"embeddable":true,"href":"https:\/\/caserfri.com\/pt-pt\/wp-json\/wp\/v2\/comments?post=507"}],"version-history":[{"count":1,"href":"https:\/\/caserfri.com\/pt-pt\/wp-json\/wp\/v2\/pages\/507\/revisions"}],"predecessor-version":[{"id":508,"href":"https:\/\/caserfri.com\/pt-pt\/wp-json\/wp\/v2\/pages\/507\/revisions\/508"}],"wp:attachment":[{"href":"https:\/\/caserfri.com\/pt-pt\/wp-json\/wp\/v2\/media?parent=507"}],"curies":[{"name":"wp","href":"https:\/\/api.w.org\/{rel}","templated":true}]}}