{"id":523,"date":"2022-04-07T13:51:28","date_gmt":"2022-04-07T11:51:28","guid":{"rendered":"https:\/\/caserfri.com\/zaragoza\/"},"modified":"2022-09-20T17:37:19","modified_gmt":"2022-09-20T15:37:19","slug":"zaragoza","status":"publish","type":"page","link":"https:\/\/caserfri.com\/pt-pt\/zaragoza\/","title":{"rendered":"ZARAGOZA"},"content":{"rendered":"\t\t<div data-elementor-type=\"wp-page\" data-elementor-id=\"523\" class=\"elementor elementor-523 elementor-290\">\n\t\t\t\t\t\t\t\t\t<section class=\"elementor-section elementor-top-section elementor-element elementor-element-d6ee221 elementor-section-full_width elementor-section-content-middle elementor-section-stretched elementor-section-height-default elementor-section-height-default\" data-id=\"d6ee221\" data-element_type=\"section\" data-settings=\"{&quot;stretch_section&quot;:&quot;section-stretched&quot;}\">\n\t\t\t\t\t\t<div class=\"elementor-container elementor-column-gap-no\">\n\t\t\t\t\t<div class=\"elementor-column elementor-col-50 elementor-top-column elementor-element elementor-element-119853a\" data-id=\"119853a\" data-element_type=\"column\" data-settings=\"{&quot;background_background&quot;:&quot;classic&quot;}\">\n\t\t\t<div class=\"elementor-widget-wrap elementor-element-populated\">\n\t\t\t\t\t\t\t\t<div class=\"elementor-element elementor-element-c76ae4e elementor-widget elementor-widget-spacer\" data-id=\"c76ae4e\" data-element_type=\"widget\" data-widget_type=\"spacer.default\">\n\t\t\t\t<div class=\"elementor-widget-container\">\n\t\t\t\t\t<div class=\"elementor-spacer\">\n\t\t\t<div class=\"elementor-spacer-inner\"><\/div>\n\t\t<\/div>\n\t\t\t\t<\/div>\n\t\t\t\t<\/div>\n\t\t\t\t\t<\/div>\n\t\t<\/div>\n\t\t\t\t<div class=\"elementor-column elementor-col-50 elementor-top-column elementor-element elementor-element-fe75747\" data-id=\"fe75747\" data-element_type=\"column\" data-settings=\"{&quot;background_background&quot;:&quot;classic&quot;}\">\n\t\t\t<div class=\"elementor-widget-wrap elementor-element-populated\">\n\t\t\t\t\t\t\t\t<div class=\"elementor-element elementor-element-8e78f41 elementor-widget elementor-widget-heading\" data-id=\"8e78f41\" data-element_type=\"widget\" data-widget_type=\"heading.default\">\n\t\t\t\t<div class=\"elementor-widget-container\">\n\t\t\t<h2 class=\"elementor-heading-title elementor-size-default\">ZARAGOZA<\/h2>\t\t<\/div>\n\t\t\t\t<\/div>\n\t\t\t\t<div class=\"elementor-element elementor-element-5c337cf elementor-widget elementor-widget-text-editor\" data-id=\"5c337cf\" data-element_type=\"widget\" data-widget_type=\"text-editor.default\">\n\t\t\t\t<div class=\"elementor-widget-container\">\n\t\t\t\t\t\t\t<p><span style=\"color: #ff9900;\"><strong>OFICINAS CENTRAIS<\/strong><\/span><\/p>\n<p><em>Carretera de Cogullada, 65. Mercazaragoza &#8211; Zaragoza \u2013 50014<\/em><\/p>\t\t\t\t\t\t<\/div>\n\t\t\t\t<\/div>\n\t\t\t\t<div class=\"elementor-element elementor-element-c790845 elementor-icon-list--layout-traditional elementor-list-item-link-full_width elementor-widget elementor-widget-icon-list\" data-id=\"c790845\" data-element_type=\"widget\" data-widget_type=\"icon-list.default\">\n\t\t\t\t<div class=\"elementor-widget-container\">\n\t\t\t\t\t<ul class=\"elementor-icon-list-items\">\n\t\t\t\t\t\t\t<li class=\"elementor-icon-list-item\">\n\t\t\t\t\t\t\t\t\t\t\t<span class=\"elementor-icon-list-icon\">\n\t\t\t\t\t\t\t<i aria-hidden=\"true\" class=\"fas fa-phone-alt\"><\/i>\t\t\t\t\t\t<\/span>\n\t\t\t\t\t\t\t\t\t\t<span class=\"elementor-icon-list-text\">976 470 423<\/span>\n\t\t\t\t\t\t\t\t\t<\/li>\n\t\t\t\t\t\t\t\t<li class=\"elementor-icon-list-item\">\n\t\t\t\t\t\t\t\t\t\t\t<span class=\"elementor-icon-list-icon\">\n\t\t\t\t\t\t\t<i aria-hidden=\"true\" class=\"fas fa-envelope-open-text\"><\/i>\t\t\t\t\t\t<\/span>\n\t\t\t\t\t\t\t\t\t\t<span class=\"elementor-icon-list-text\">info@caserfri.com<\/span>\n\t\t\t\t\t\t\t\t\t<\/li>\n\t\t\t\t\t\t<\/ul>\n\t\t\t\t<\/div>\n\t\t\t\t<\/div>\n\t\t\t\t<div class=\"elementor-element elementor-element-c360ca7 elementor-widget elementor-widget-heading\" data-id=\"c360ca7\" data-element_type=\"widget\" data-widget_type=\"heading.default\">\n\t\t\t\t<div class=\"elementor-widget-container\">\n\t\t\t<h2 class=\"elementor-heading-title elementor-size-default\">Instala\u00e7\u00f5es<\/h2>\t\t<\/div>\n\t\t\t\t<\/div>\n\t\t\t\t<div class=\"elementor-element elementor-element-59b013b elementor-widget elementor-widget-text-editor\" data-id=\"59b013b\" data-element_type=\"widget\" data-widget_type=\"text-editor.default\">\n\t\t\t\t<div class=\"elementor-widget-container\">\n\t\t\t\t\t\t\t<ul>\n<li>\n<p class=\"p1\">7 c\u00e2maras com um total de 80.000 m<span class=\"s1\">3<\/span> (20.000 paletes).<\/p>\n<\/li>\n<li>\n<p class=\"p1\">Servi\u00e7o de congela\u00e7\u00e3o est\u00e1tica, com t\u00fanel com capacidade para 30 toneladas.<\/p>\n<\/li>\n<li>\n<p class=\"p1\">13 docas de carga e descarga.<\/p>\n<\/li>\n<\/ul>\n\t\t\t\t\t\t<\/div>\n\t\t\t\t<\/div>\n\t\t\t\t<div class=\"elementor-element elementor-element-352d3e4 elementor-widget elementor-widget-heading\" data-id=\"352d3e4\" data-element_type=\"widget\" data-widget_type=\"heading.default\">\n\t\t\t\t<div class=\"elementor-widget-container\">\n\t\t\t<h2 class=\"elementor-heading-title elementor-size-default\">M\u00eddia e servi\u00e7os<\/h2>\t\t<\/div>\n\t\t\t\t<\/div>\n\t\t\t\t<div class=\"elementor-element elementor-element-c97770f elementor-widget elementor-widget-text-editor\" data-id=\"c97770f\" data-element_type=\"widget\" data-widget_type=\"text-editor.default\">\n\t\t\t\t<div class=\"elementor-widget-container\">\n\t\t\t\t\t\t\t<ul>\n<li>Realiza\u00e7\u00e3o de consultas de a\u00e7\u00f5es na Web pelos clientes.<\/li>\n<li>Servi\u00e7o de manuseamento (picking, reetiquetagem, repaletiza\u00e7\u00e3o, cross-docking&#8230;), gest\u00e3o de solu\u00e7\u00f5es log\u00edsticas.<\/li>\n<\/ul>\t\t\t\t\t\t<\/div>\n\t\t\t\t<\/div>\n\t\t\t\t<div class=\"elementor-element elementor-element-360057d elementor-widget elementor-widget-heading\" data-id=\"360057d\" data-element_type=\"widget\" data-widget_type=\"heading.default\">\n\t\t\t\t<div class=\"elementor-widget-container\">\n\t\t\t<h2 class=\"elementor-heading-title elementor-size-default\">Localiza\u00e7\u00e3o<\/h2>\t\t<\/div>\n\t\t\t\t<\/div>\n\t\t\t\t<div class=\"elementor-element elementor-element-18f5992 elementor-widget elementor-widget-text-editor\" data-id=\"18f5992\" data-element_type=\"widget\" data-widget_type=\"text-editor.default\">\n\t\t\t\t<div class=\"elementor-widget-container\">\n\t\t\t\t\t\t\t<ul>\n<li>Acesso direto \u00e0 AP-2 e dentro do complexo da Mercazaragoza, o principal centro de log\u00edstica alimentar de toda Arag\u00e3o.<\/li>\n<\/ul>\t\t\t\t\t\t<\/div>\n\t\t\t\t<\/div>\n\t\t\t\t<div class=\"elementor-element elementor-element-f617f4f elementor-widget elementor-widget-heading\" data-id=\"f617f4f\" data-element_type=\"widget\" data-widget_type=\"heading.default\">\n\t\t\t\t<div class=\"elementor-widget-container\">\n\t\t\t<h2 class=\"elementor-heading-title elementor-size-default\">Certificados<\/h2>\t\t<\/div>\n\t\t\t\t<\/div>\n\t\t\t\t<div class=\"elementor-element elementor-element-0e03715 elementor-widget elementor-widget-text-editor\" data-id=\"0e03715\" data-element_type=\"widget\" data-widget_type=\"text-editor.default\">\n\t\t\t\t<div class=\"elementor-widget-container\">\n\t\t\t\t\t\t\t<ul>\n<li>Autoriza\u00e7\u00e3o para armazenamento de produto ecol\u00f3gico.<\/li>\n<li>Certificado do sistema auditado de autocontrole espec\u00edfico (SAE), n\u00edvel 3, para carnes e produtos c\u00e1rneos, com inclus\u00e3o na lista de autoriza\u00e7\u00f5es para armazenamento de carne su\u00edna no Jap\u00e3o.<\/li>\n<li>Certificado do sistema de qualidade, de acordo com a ISO 9001:2015.<\/li>\n<li>Implementa\u00e7\u00e3o em processo do IFS Logistics v 2.3<\/li>\n<\/ul>\t\t\t\t\t\t<\/div>\n\t\t\t\t<\/div>\n\t\t\t\t<div class=\"elementor-element elementor-element-1e49b33 elementor-widget__width-auto elementor-widget elementor-widget-the7_button_widget\" data-id=\"1e49b33\" data-element_type=\"widget\" data-widget_type=\"the7_button_widget.default\">\n\t\t\t\t<div class=\"elementor-widget-container\">\n\t\t\t<div class=\"elementor-button-wrapper\"><a href=\"https:\/\/caserfri.com\/#delegaciones\" class=\"box-button elementor-button elementor-size-md\">Retornar<i aria-hidden=\"true\" class=\"elementor-button-icon  dt-icon-the7-arrow-531\"><\/i><\/a><\/div>\t\t<\/div>\n\t\t\t\t<\/div>\n\t\t\t\t<div class=\"elementor-element elementor-element-5a69949 elementor-widget__width-auto elementor-widget elementor-widget-the7_button_widget\" data-id=\"5a69949\" data-element_type=\"widget\" data-widget_type=\"the7_button_widget.default\">\n\t\t\t\t<div class=\"elementor-widget-container\">\n\t\t\t<div class=\"elementor-button-wrapper\"><a href=\"https:\/\/caserfri.com\/wp-content\/uploads\/2022\/09\/FichaZaragoza.pdf\" target=\"_blank\" class=\"box-button elementor-button elementor-size-md\">Baixar ficha t\u00e9cnica<i aria-hidden=\"true\" class=\"elementor-button-icon  dt-icon-the7-arrow-531\"><\/i><\/a><\/div>\t\t<\/div>\n\t\t\t\t<\/div>\n\t\t\t\t\t<\/div>\n\t\t<\/div>\n\t\t\t\t\t\t\t<\/div>\n\t\t<\/section>\n\t\t\t\t\t\t\t<\/div>\n\t\t","protected":false},"excerpt":{"rendered":"<p>ZARAGOZA OFICINAS CENTRAIS Carretera de Cogullada, 65. Mercazaragoza &#8211; Zaragoza \u2013 50014 976 470 423 info@caserfri.com Instala\u00e7\u00f5es 7 c\u00e2maras com um total de 80.000 m3 (20.000 paletes). Servi\u00e7o de congela\u00e7\u00e3o est\u00e1tica, com t\u00fanel com capacidade para 30 toneladas. 13 docas de carga e descarga. M\u00eddia e servi\u00e7os Realiza\u00e7\u00e3o de consultas de a\u00e7\u00f5es na Web pelos&hellip;<\/p>\n","protected":false},"author":1,"featured_media":0,"parent":0,"menu_order":0,"comment_status":"closed","ping_status":"closed","template":"","meta":[],"_links":{"self":[{"href":"https:\/\/caserfri.com\/pt-pt\/wp-json\/wp\/v2\/pages\/523"}],"collection":[{"href":"https:\/\/caserfri.com\/pt-pt\/wp-json\/wp\/v2\/pages"}],"about":[{"href":"https:\/\/caserfri.com\/pt-pt\/wp-json\/wp\/v2\/types\/page"}],"author":[{"embeddable":true,"href":"https:\/\/caserfri.com\/pt-pt\/wp-json\/wp\/v2\/users\/1"}],"replies":[{"embeddable":true,"href":"https:\/\/caserfri.com\/pt-pt\/wp-json\/wp\/v2\/comments?post=523"}],"version-history":[{"count":5,"href":"https:\/\/caserfri.com\/pt-pt\/wp-json\/wp\/v2\/pages\/523\/revisions"}],"predecessor-version":[{"id":567,"href":"https:\/\/caserfri.com\/pt-pt\/wp-json\/wp\/v2\/pages\/523\/revisions\/567"}],"wp:attachment":[{"href":"https:\/\/caserfri.com\/pt-pt\/wp-json\/wp\/v2\/media?parent=523"}],"curies":[{"name":"wp","href":"https:\/\/api.w.org\/{rel}","templated":true}]}}